{"id":437,"date":"2019-06-01T11:41:25","date_gmt":"2019-06-01T11:41:25","guid":{"rendered":"https:\/\/olivierhutman.com\/discographie\/"},"modified":"2025-10-29T12:53:57","modified_gmt":"2025-10-29T12:53:57","slug":"discography","status":"publish","type":"page","link":"https:\/\/olivierhutman.com\/en\/discography\/","title":{"rendered":"Discography"},"content":{"rendered":"<div style=\"max-width: 400px; margin: 26px auto;\"><img decoding=\"async\" style=\"border: 2px solid #eee; margin-top: 0px;\" src=\"\/wp-content\/uploads\/images\/Skyline-ChocCover-boostedA(closer-to-original).jpg\"><\/div>\n<h2>As a leader and co-leader<\/h2>\n<div class=\"disco-table\">\n<div class=\"disco-row\">\n<div class=\"disco-cell\">1975<\/div>\n<div class=\"disco-cell\">Moravagine<\/div>\n<div class=\"disco-cell\">Moravagine<\/div>\n<div class=\"disco-cell\">Promophone #10 (LP only)<\/div>\n<\/div>\n<div class=\"disco-row\">\n<div class=\"disco-cell\">1977<\/div>\n<div class=\"disco-cell\">Chute Libre<\/div>\n<div class=\"disco-cell\">Chute Libre<\/div>\n<div class=\"disco-cell\">EMI CO66-14359<br \/>\nR\u00e9\u00e9dit\u00e9 en CD en 2019 &#8211; Mus\u00e9a FGBG 5012<\/div>\n<\/div>\n<div class=\"disco-row\">\n<div class=\"disco-cell\">1978<\/div>\n<div class=\"disco-cell\">Chute Libre<\/div>\n<div class=\"disco-cell\">Ali Baba<\/div>\n<div class=\"disco-cell\">EMI 2C068-14582<br \/>\nR\u00e9\u00e9dit\u00e9 en CD en 2019 &#8211; Mus\u00e9a FGBG 5013<\/div>\n<\/div>\n<div class=\"disco-row\">\n<div class=\"disco-cell\">1983<\/div>\n<div class=\"disco-cell\">Olivier Hutman<\/div>\n<div class=\"disco-cell\">Six Songs<\/div>\n<div class=\"disco-cell\">JMS 030-2\/JMS 18660-2 (reissued 95)<\/div>\n<\/div>\n<div class=\"disco-row\">\n<div class=\"disco-cell\">1987<\/div>\n<div class=\"disco-cell\">Olivier Hutman Trio<\/div>\n<div class=\"disco-cell\">The Man With The Broken Tooth<\/div>\n<div class=\"disco-cell\">Cerise Productions JJG 010 (LP only)<\/div>\n<\/div>\n<div class=\"disco-row\">\n<div class=\"disco-cell\">1997<\/div>\n<div class=\"disco-cell\">Olivier Hutman<\/div>\n<div class=\"disco-cell\">Brooklyn Eight<\/div>\n<div class=\"disco-cell\">RDC Records #40057-2<\/div>\n<\/div>\n<div class=\"disco-row\">\n<div class=\"disco-cell\">2002<\/div>\n<div class=\"disco-cell\">Olivier Hutman<\/div>\n<div class=\"disco-cell\">Band Shapes<\/div>\n<div class=\"disco-cell\">RDC Records #6401142<\/div>\n<\/div>\n<div class=\"disco-row\">\n<div class=\"disco-cell\">2003<\/div>\n<div class=\"disco-cell\">Olivier Hutman Trio<\/div>\n<div class=\"disco-cell\">Five in Green<\/div>\n<div class=\"disco-cell\">RDC Records #6401252<\/div>\n<\/div>\n<div class=\"disco-row\">\n<div class=\"disco-cell\">2008<\/div>\n<div class=\"disco-cell\">Olivier Hutman 4tet<\/div>\n<div class=\"disco-cell\">Suite Mangrove<\/div>\n<div class=\"disco-cell\">NOCTURNE NTCD 4503<\/div>\n<\/div>\n<div class=\"disco-row\">\n<div class=\"disco-cell\">2011<\/div>\n<div class=\"disco-cell\">Denise King &amp; Olivier Hutman Trio<\/div>\n<div class=\"disco-cell\">No Tricks<\/div>\n<div class=\"disco-cell\">CRISTAL Records CR 178 2011<\/div>\n<\/div>\n<div class=\"disco-row\">\n<div class=\"disco-cell\">2013<\/div>\n<div class=\"disco-cell\">Denise King &amp; Olivier Hutman<\/div>\n<div class=\"disco-cell\">Give Me The High Sign<\/div>\n<div class=\"disco-cell\">CRISTAL Records CR 209 2013<\/div>\n<\/div>\n<div class=\"disco-row\">\n<div class=\"disco-cell\">2016<\/div>\n<div class=\"disco-cell\">Olivier Hutman Meets Alice Ricciardi<\/div>\n<div class=\"disco-cell\">Is It Real?<\/div>\n<div class=\"disco-cell\">CRISTAL Records CR 236<\/div>\n<\/div>\n<div class=\"disco-row\">\n<div class=\"disco-cell\">2018<\/div>\n<div class=\"disco-cell\">O. Hutman \/ Marc Bertaux \/ Tony Rabeson<\/div>\n<div class=\"disco-cell\">Beat Games<\/div>\n<div class=\"disco-cell\">CRISTAL Records CR 272<\/div>\n<\/div>\n<div class=\"disco-row\">\n<div class=\"disco-cell\">2023<\/div>\n<div class=\"disco-cell\">Olivier Hutman &#8211; Lamine Cissokho<\/div>\n<div class=\"disco-cell\">Double Skyline<\/div>\n<div class=\"disco-cell\">CRISTAL Records CR 354<\/div>\n<\/div>\n<\/div>\n<hr>\n<h2>LP<span style=\"text-transform: none;\">s<\/span> as a sideman<\/h2>\n<div class=\"disco-table\">\n<div class=\"disco-row\">\n<div class=\"disco-cell\">1979<\/div>\n<div class=\"disco-cell\">Debarbat Dolphin Orchestra<\/div>\n<div class=\"disco-cell\">Live \u00e0 l\u2019Olympia<\/div>\n<div class=\"disco-cell\">RCA PL 37275<\/div>\n<\/div>\n<div class=\"disco-row\">\n<div class=\"disco-cell\">1980<\/div>\n<div class=\"disco-cell\">Debarbat<\/div>\n<div class=\"disco-cell\">Plan\u00e8te Carr\u00e9e<\/div>\n<div class=\"disco-cell\">RCA PL 37397<\/div>\n<\/div>\n<div class=\"disco-row\">\n<div class=\"disco-cell\">1980<\/div>\n<div class=\"disco-cell\">Glenn Ferris<\/div>\n<div class=\"disco-cell\">A Live in Paris<\/div>\n<div class=\"disco-cell\">RCA 37452<\/div>\n<\/div>\n<div class=\"disco-row\">\n<div class=\"disco-cell\">1980<\/div>\n<div class=\"disco-cell\">Philippe Laccarri\u00e8re<\/div>\n<div class=\"disco-cell\">Benjy<\/div>\n<div class=\"disco-cell\">OPEN JAZZIBAO JZ 02<\/div>\n<\/div>\n<div class=\"disco-row\">\n<div class=\"disco-cell\">1981<\/div>\n<div class=\"disco-cell\">Christian Escoud\u00e9<\/div>\n<div class=\"disco-cell\">Gypsy\u2019s Morning<\/div>\n<div class=\"disco-cell\">JMS 013 (+ CD released \u201995)<\/div>\n<\/div>\n<div class=\"disco-row\">\n<div class=\"disco-cell\">1981<\/div>\n<div class=\"disco-cell\">Georges Acogny<\/div>\n<div class=\"disco-cell\">First Steps In<\/div>\n<div class=\"disco-cell\">STRINGS Records<\/div>\n<\/div>\n<div class=\"disco-row\">\n<div class=\"disco-cell\">1981<\/div>\n<div class=\"disco-cell\">Charles \u2018Lolo\u2019 Bellonzi 4tet<\/div>\n<div class=\"disco-cell\">Charles \u2018Lolo\u2019 Bellonzi 4tet<\/div>\n<div class=\"disco-cell\">NIGHT AND DAY 1005<\/div>\n<\/div>\n<div class=\"disco-row\">\n<div class=\"disco-cell\">1982<\/div>\n<div class=\"disco-cell\">Christian Escoud\u00e9<\/div>\n<div class=\"disco-cell\">Featuring Toots Thielemans<\/div>\n<div class=\"disco-cell\">JMS 022 (+CD released \u201995)<\/div>\n<\/div>\n<div class=\"disco-row\">\n<div class=\"disco-cell\">1982<\/div>\n<div class=\"disco-cell\">Herry Ansker<\/div>\n<div class=\"disco-cell\">Images<\/div>\n<div class=\"disco-cell\">Magazine Records MW 001<\/div>\n<\/div>\n<div class=\"disco-row\">\n<div class=\"disco-cell\">1982<\/div>\n<div class=\"disco-cell\">Georges Acogny<\/div>\n<div class=\"disco-cell\">Guitars on the move<\/div>\n<div class=\"disco-cell\">STRINGS Records<\/div>\n<\/div>\n<div class=\"disco-row\">\n<div class=\"disco-cell\">1982<\/div>\n<div class=\"disco-cell\">St\u00e9phane Grapelli<\/div>\n<div class=\"disco-cell\">Images pour Cordes<\/div>\n<div class=\"disco-cell\">WEA 240060-1<\/div>\n<\/div>\n<div class=\"disco-row\">\n<div class=\"disco-cell\">1983<\/div>\n<div class=\"disco-cell\">Eric Le Lann<\/div>\n<div class=\"disco-cell\">Night Bird<\/div>\n<div class=\"disco-cell\">JMS 028 (+CD released \u201995)<\/div>\n<\/div>\n<div class=\"disco-row\">\n<div class=\"disco-cell\">1983<\/div>\n<div class=\"disco-cell\">Philippe Deletrez<\/div>\n<div class=\"disco-cell\">The 13th Moon<\/div>\n<div class=\"disco-cell\">THIRDWAY RECORDS<\/div>\n<\/div>\n<div class=\"disco-row\">\n<div class=\"disco-cell\">1983<\/div>\n<div class=\"disco-cell\">Silvin Marc<\/div>\n<div class=\"disco-cell\">Nite Life<\/div>\n<div class=\"disco-cell\">CREAM Records 033<\/div>\n<\/div>\n<div class=\"disco-row\">\n<div class=\"disco-cell\">1985<\/div>\n<div class=\"disco-cell\">Bruno Letort<\/div>\n<div class=\"disco-cell\">S\u00e9ance de Nuit<\/div>\n<div class=\"disco-cell\">MAJOR LOISIRS SC<\/div>\n<\/div>\n<div class=\"disco-row\">\n<div class=\"disco-cell\">1986<\/div>\n<div class=\"disco-cell\">Claude Barth\u00e9l\u00e9my<\/div>\n<div class=\"disco-cell\">Real Politik<\/div>\n<div class=\"disco-cell\">BIGNOISE Records BN<\/div>\n<\/div>\n<div class=\"disco-row\">\n<div class=\"disco-cell\">1986<\/div>\n<div class=\"disco-cell\">Eric Le Lann 4tet<\/div>\n<div class=\"disco-cell\">I mist you<\/div>\n<div class=\"disco-cell\">BLUE SILVER 8202<\/div>\n<\/div>\n<div class=\"disco-row\">\n<div class=\"disco-cell\">1987<\/div>\n<div class=\"disco-cell\">Jean-Pierre Llabador<\/div>\n<div class=\"disco-cell\">Brussels<\/div>\n<div class=\"disco-cell\">AUSFAHRT REC EFA 06118<\/div>\n<\/div>\n<div class=\"disco-row\">\n<div class=\"disco-cell\">1990<\/div>\n<div class=\"disco-cell\">Michel Ripoche<\/div>\n<div class=\"disco-cell\">Casino<\/div>\n<div class=\"disco-cell\">MUSIQUE IMAGE<\/div>\n<\/div>\n<\/div>\n<hr>\n<h2>CD<span style=\"text-transform: none;\">s<\/span> as a sideman<\/h2>\n<div class=\"disco-table\">\n<div class=\"disco-row\">\n<div class=\"disco-cell\">1988<\/div>\n<div class=\"disco-cell\">Abus<\/div>\n<div class=\"disco-cell\">Japanese Pop<\/div>\n<div class=\"disco-cell\">MEDIA7 JBCD 113<\/div>\n<\/div>\n<div class=\"disco-row\">\n<div class=\"disco-cell\">1989<\/div>\n<div class=\"disco-cell\">Jean-Pierre Llabador<\/div>\n<div class=\"disco-cell\">5th Edition<\/div>\n<div class=\"disco-cell\">AUSFAHRT REC EFA 06114<\/div>\n<\/div>\n<div class=\"disco-row\">\n<div class=\"disco-cell\">1990<\/div>\n<div class=\"disco-cell\">Michel Barrot<\/div>\n<div class=\"disco-cell\">Force 9<\/div>\n<div class=\"disco-cell\">SALON DE MUSIQUE 02<\/div>\n<\/div>\n<div class=\"disco-row\">\n<div class=\"disco-cell\">1992<\/div>\n<div class=\"disco-cell\">Barney Wilen<\/div>\n<div class=\"disco-cell\">Modern Nostalgia<\/div>\n<div class=\"disco-cell\">ALFA Records( Japan) ALCR-145<\/div>\n<\/div>\n<div class=\"disco-row\">\n<div class=\"disco-cell\">1993<\/div>\n<div class=\"disco-cell\">Alain Brunet 4tet<\/div>\n<div class=\"disco-cell\">Joue Gainsbourg<\/div>\n<div class=\"disco-cell\">WEA 4509-92120-2<\/div>\n<\/div>\n<div class=\"disco-row\">\n<div class=\"disco-cell\">1994<\/div>\n<div class=\"disco-cell\">Luigi Trussardi<\/div>\n<div class=\"disco-cell\">Vendredi 14<\/div>\n<div class=\"disco-cell\">ELABETH ELA 621017<\/div>\n<\/div>\n<div class=\"disco-row\">\n<div class=\"disco-cell\">1994<\/div>\n<div class=\"disco-cell\">Ted Nash<\/div>\n<div class=\"disco-cell\">European 4tet<\/div>\n<div class=\"disco-cell\">ELABETH ELA 621024<\/div>\n<\/div>\n<div class=\"disco-row\">\n<div class=\"disco-cell\">1995<\/div>\n<div class=\"disco-cell\">Valentina Casula<\/div>\n<div class=\"disco-cell\">This is Always<\/div>\n<div class=\"disco-cell\">PAN MUSIC PMC 1120<\/div>\n<\/div>\n<div class=\"disco-row\">\n<div class=\"disco-cell\">1996<\/div>\n<div class=\"disco-cell\">Alain Brunet<\/div>\n<div class=\"disco-cell\">French Melodies<\/div>\n<div class=\"disco-cell\">RDC 40052-2<\/div>\n<\/div>\n<div class=\"disco-row\">\n<div class=\"disco-cell\">1997<\/div>\n<div class=\"disco-cell\">Elizabeth Caumont<\/div>\n<div class=\"disco-cell\">Mieux qu\u2019un baiser<\/div>\n<div class=\"disco-cell\">MUSIDISC MU 760<\/div>\n<\/div>\n<div class=\"disco-row\">\n<div class=\"disco-cell\">1998<\/div>\n<div class=\"disco-cell\">Luigi Trussardi<\/div>\n<div class=\"disco-cell\">L\u2019amour dans l\u2019\u00e2me<\/div>\n<div class=\"disco-cell\">ELABETH ELA 621025<\/div>\n<\/div>\n<div class=\"disco-row\">\n<div class=\"disco-cell\">2000<\/div>\n<div class=\"disco-cell\">Lourival Sylvestre<\/div>\n<div class=\"disco-cell\">Aquarella do Brasil<\/div>\n<div class=\"disco-cell\">DAM 2001-2<\/div>\n<\/div>\n<div class=\"disco-row\">\n<div class=\"disco-cell\">2000<\/div>\n<div class=\"disco-cell\">Richard Raux<\/div>\n<div class=\"disco-cell\">The Interval<\/div>\n<div class=\"disco-cell\">ELABETH 621033<\/div>\n<\/div>\n<div class=\"disco-row\">\n<div class=\"disco-cell\">2000<\/div>\n<div class=\"disco-cell\">Jean-Pierre Llabador<\/div>\n<div class=\"disco-cell\">El Bobo<\/div>\n<div class=\"disco-cell\">EMP Records EPC 899<\/div>\n<\/div>\n<div class=\"disco-row\">\n<div class=\"disco-cell\">2001<\/div>\n<div class=\"disco-cell\">Claude Garden<\/div>\n<div class=\"disco-cell\">Garden Club<\/div>\n<div class=\"disco-cell\">ELABETH 621034<\/div>\n<\/div>\n<div class=\"disco-row\">\n<div class=\"disco-cell\">2001<\/div>\n<div class=\"disco-cell\">OEMS<\/div>\n<div class=\"disco-cell\">Klezmer Nova<\/div>\n<div class=\"disco-cell\">PHILIPS\/UNIVERSAL 468-422-2<\/div>\n<\/div>\n<div class=\"disco-row\">\n<div class=\"disco-cell\">2003<\/div>\n<div class=\"disco-cell\">Klezmer Nova<\/div>\n<div class=\"disco-cell\">Delicatessen<\/div>\n<div class=\"disco-cell\">PHILIPS\/UNIVERSAL 472 790-2<\/div>\n<\/div>\n<div class=\"disco-row\">\n<div class=\"disco-cell\">2003<\/div>\n<div class=\"disco-cell\">Serge Casero<\/div>\n<div class=\"disco-cell\">A French Jazz Quartet<\/div>\n<div class=\"disco-cell\">CULTURE JAZZ 001<\/div>\n<\/div>\n<div class=\"disco-row\">\n<div class=\"disco-cell\">2004<\/div>\n<div class=\"disco-cell\">Raux-Bivalski Big Band<\/div>\n<div class=\"disco-cell\">G\u00e9n\u00e8se<\/div>\n<div class=\"disco-cell\">FRANE JAZZ FJ001<\/div>\n<\/div>\n<div class=\"disco-row\">\n<div class=\"disco-cell\">2004<\/div>\n<div class=\"disco-cell\">Laurent Larcher Trio<\/div>\n<div class=\"disco-cell\">At The Copy Shop<\/div>\n<div class=\"disco-cell\">COLOVE MUSIC 40350-2<\/div>\n<\/div>\n<div class=\"disco-row\">\n<div class=\"disco-cell\">2005<\/div>\n<div class=\"disco-cell\">Marina Xavier<\/div>\n<div class=\"disco-cell\">I Thought About You<\/div>\n<div class=\"disco-cell\">RSP 240504-2<\/div>\n<\/div>\n<div class=\"disco-row\">\n<div class=\"disco-cell\">2006<\/div>\n<div class=\"disco-cell\">St\u00e9phane Spira &amp; S. Belmondo<\/div>\n<div class=\"disco-cell\">First Page<\/div>\n<div class=\"disco-cell\">BEE JAZZ<\/div>\n<\/div>\n<div class=\"disco-row\">\n<div class=\"disco-cell\">2006<\/div>\n<div class=\"disco-cell\">MTO-Jazz-Quartett<\/div>\n<div class=\"disco-cell\">MTO-Jazz-Quartett<\/div>\n<div class=\"disco-cell\">NEUKLANG (Germany) NCD0414<\/div>\n<\/div>\n<div class=\"disco-row\">\n<div class=\"disco-cell\">2006<\/div>\n<div class=\"disco-cell\">Steve Williams<\/div>\n<div class=\"disco-cell\">New Incentive<\/div>\n<div class=\"disco-cell\">ELABETH 62 1057<\/div>\n<\/div>\n<div class=\"disco-row\">\n<div class=\"disco-cell\">2006<\/div>\n<div class=\"disco-cell\">Charles Bellonzi<\/div>\n<div class=\"disco-cell\">Abracadadrums<\/div>\n<div class=\"disco-cell\">DBA 06\/110<\/div>\n<\/div>\n<div class=\"disco-row\">\n<div class=\"disco-cell\">2007<\/div>\n<div class=\"disco-cell\">Jean-Pierre Llabador<\/div>\n<div class=\"disco-cell\">Give Me Five<\/div>\n<div class=\"disco-cell\">GI Records MGR 1022<\/div>\n<\/div>\n<div class=\"disco-row\">\n<div class=\"disco-cell\">2007<\/div>\n<div class=\"disco-cell\">Eric Le Lann &amp; Jannick Top<\/div>\n<div class=\"disco-cell\">Lelann Top<\/div>\n<div class=\"disco-cell\">NOCTURNE NTCD 418<\/div>\n<\/div>\n<div class=\"disco-row\">\n<div class=\"disco-cell\">2007<\/div>\n<div class=\"disco-cell\">Anne Ducros<\/div>\n<div class=\"disco-cell\">Urban Tribe<\/div>\n<div class=\"disco-cell\">DREYFUS JAZZ FDM 46050369132<\/div>\n<\/div>\n<div class=\"disco-row\">\n<div class=\"disco-cell\">2009<\/div>\n<div class=\"disco-cell\">Stephy Haik<\/div>\n<div class=\"disco-cell\">The Longest Mile<\/div>\n<div class=\"disco-cell\">Ames\/Harmonia Mundi AM 3016<\/div>\n<\/div>\n<div class=\"disco-row\">\n<div class=\"disco-cell\">2011<\/div>\n<div class=\"disco-cell\">Clotilde Rullaud<\/div>\n<div class=\"disco-cell\">In Extremis<\/div>\n<div class=\"disco-cell\">TZIG\u2019ART 141 261<\/div>\n<\/div>\n<div class=\"disco-row\">\n<div class=\"disco-cell\">2012<\/div>\n<div class=\"disco-cell\">Margeaux Lampley<\/div>\n<div class=\"disco-cell\">Rain<\/div>\n<div class=\"disco-cell\">Fucshia Jazz FJ 02<\/div>\n<\/div>\n<div class=\"disco-row\">\n<div class=\"disco-cell\">2012<\/div>\n<div class=\"disco-cell\">Klezmer Nova<\/div>\n<div class=\"disco-cell\">L\u2019Entre-Deux<\/div>\n<div class=\"disco-cell\">L\u2019Autre Distribution<\/div>\n<\/div>\n<div class=\"disco-row\">\n<div class=\"disco-cell\">2015<\/div>\n<div class=\"disco-cell\">Sarah Thorpe<\/div>\n<div class=\"disco-cell\">Never Leave Me<\/div>\n<div class=\"disco-cell\">Elabeth ST001<\/div>\n<\/div>\n<div class=\"disco-row\">\n<div class=\"disco-cell\">2016<\/div>\n<div class=\"disco-cell\">Camille Bertault<\/div>\n<div class=\"disco-cell\">En Vie<\/div>\n<div class=\"disco-cell\">Sunnyside SSC 1438<\/div>\n<\/div>\n<div class=\"disco-row\">\n<div class=\"disco-cell\">2016<\/div>\n<div class=\"disco-cell\">Gary Smulyan 4tet<\/div>\n<div class=\"disco-cell\">Live at le Duc des Lombards<\/div>\n<div class=\"disco-cell\">Groovin High 9662<\/div>\n<\/div>\n<div class=\"disco-row\">\n<div class=\"disco-cell\">2016<\/div>\n<div class=\"disco-cell\">Bernd Reiter 5tet (feat. Eric Alexander)<\/div>\n<div class=\"disco-cell\">Workout at Bird\u2019s Eye<\/div>\n<div class=\"disco-cell\">Steeplechase SCCD 33123<\/div>\n<\/div>\n<div class=\"disco-row\">\n<div class=\"disco-cell\">2018<\/div>\n<div class=\"disco-cell\">Ya\u00ebl Angel<\/div>\n<div class=\"disco-cell\">Bop Writer<\/div>\n<div class=\"disco-cell\">Inouie Distribution<\/div>\n<\/div>\n<div class=\"disco-row\">\n<div class=\"disco-cell\">2019<\/div>\n<div class=\"disco-cell\">Barney Wilen Quartet<\/div>\n<div class=\"disco-cell\">Live In Tokyo &#8217;91<\/div>\n<div class=\"disco-cell\">Elemental Music 5990434<\/div>\n<\/div>\n<div class=\"disco-row\">\n<div class=\"disco-cell\">2019<\/div>\n<div class=\"disco-cell\">JB Moundele<\/div>\n<div class=\"disco-cell\">Afrotrane<\/div>\n<div class=\"disco-cell\">Fatto In Casa 090719<\/div>\n<\/div>\n<div class=\"disco-row\">\n<div class=\"disco-cell\">2019<\/div>\n<div class=\"disco-cell\">Sarah Thorpe<\/div>\n<div class=\"disco-cell\">Deep Blue Love<\/div>\n<div class=\"disco-cell\">Dot Time Records DT 9087<\/div>\n<\/div>\n<div class=\"disco-row\">\n<div class=\"disco-cell\">2019<\/div>\n<div class=\"disco-cell\">Gary Smulyan &amp; Ralph Moore 5tet<\/div>\n<div class=\"disco-cell\">Bird&#8217;s Eye Encounter<\/div>\n<div class=\"disco-cell\">Fresh Sound Records FSR-CD5059<\/div>\n<\/div>\n<div class=\"disco-row\">\n<div class=\"disco-cell\">2021<\/div>\n<div class=\"disco-cell\">Jonathan Orland Quartet<\/div>\n<div class=\"disco-cell\">Something Joyful<\/div>\n<div class=\"disco-cell\">Steeplechase SCCD33142<\/div>\n<\/div>\n<div class=\"disco-row\">\n<div class=\"disco-cell\">2021<\/div>\n<div class=\"disco-cell\">Jos\u00e9 Fallot<\/div>\n<div class=\"disco-cell\">Another Romantic #4<\/div>\n<div class=\"disco-cell\">Serg 282<\/div>\n<\/div>\n<div class=\"disco-row\">\n<div class=\"disco-cell\">2021<\/div>\n<div class=\"disco-cell\">Yann Benoist<\/div>\n<div class=\"disco-cell\">Hard Groove<br \/>\n(Diggin&#8217; Miles Davis &amp; Randy Brecker)<\/div>\n<div class=\"disco-cell\">YB Productions<\/div>\n<\/div>\n<div class=\"disco-row\">\n<div class=\"disco-cell\">2021<\/div>\n<div class=\"disco-cell\">Bob Tinker &amp; Friends<\/div>\n<div class=\"disco-cell\">Jazz Around The Perche<\/div>\n<div class=\"disco-cell\">Serg 277<\/div>\n<\/div>\n<div class=\"disco-row\">\n<div class=\"disco-cell\">2022<\/div>\n<div class=\"disco-cell\">Oboman<\/div>\n<div class=\"disco-cell\">Jumpin&#8217; With Art<\/div>\n<div class=\"disco-cell\">Cristal Records CR 350<\/div>\n<\/div>\n<div class=\"disco-row\">\n<div class=\"disco-cell\">2023<\/div>\n<div class=\"disco-cell\">Juana Schaeffer<\/div>\n<div class=\"disco-cell\">Blossom In Paris &#8211; Tribute to Blossom<br \/>\nDearie<\/div>\n<div class=\"disco-cell\">7emeCiel<\/div>\n<\/div>\n<div class=\"disco-row\">\n<div class=\"disco-cell\">2023<\/div>\n<div class=\"disco-cell\">Sylvia Howard<\/div>\n<div class=\"disco-cell\">Luv U Madly &#8211; Slow Dancing with the Blues<\/div>\n<div class=\"disco-cell\">SERG 344<\/div>\n<\/div>\n<div class=\"disco-row\">\n<div class=\"disco-cell\">2023<\/div>\n<div class=\"disco-cell\">Bruno Pilloix<\/div>\n<div class=\"disco-cell\">Un Autre Regard<\/div>\n<div class=\"disco-cell\">Plaza Major Company SERG 342<\/div>\n<\/div>\n<div class=\"disco-row\">\n<div class=\"disco-cell\">2024<\/div>\n<div class=\"disco-cell\">Stephy Haik<\/div>\n<div class=\"disco-cell\">Sings And Loves Burt Bacharach<\/div>\n<div class=\"disco-cell\">Fr\u00e9meaux &#038; Associ\u00e9s FA 8614<\/div>\n<\/div>\n<div class=\"disco-row\">\n<div class=\"disco-cell\">2025<\/div>\n<div class=\"disco-cell\">Jos\u00e9 Fallot<\/div>\n<div class=\"disco-cell\">Another Romantic #5<br \/>&#8220;The Romantic Collective&#8221;<\/div>\n<div class=\"disco-cell\">Serg 410<\/div>\n<\/div>\n<\/div>\n","protected":false},"excerpt":{"rendered":"<p>As a leader and co-leader 1975 Moravagine Moravagine Promophone #10 (LP only) 1977 Chute Libre Chute Libre EMI CO66-14359 R\u00e9\u00e9dit\u00e9 en CD en 2019 &#8211; Mus\u00e9a FGBG 5012 1978 Chute Libre Ali Baba EMI 2C068-14582 R\u00e9\u00e9dit\u00e9 en CD en 2019 &#8211; Mus\u00e9a FGBG 5013 1983 Olivier Hutman Six Songs JMS 030-2\/JMS 18660-2 (reissued 95) 1987 [&hellip;]<\/p>\n","protected":false},"author":2,"featured_media":0,"parent":0,"menu_order":0,"comment_status":"closed","ping_status":"closed","template":"","meta":{"_genesis_hide_title":false,"_genesis_hide_breadcrumbs":false,"_genesis_hide_singular_image":false,"_genesis_hide_footer_widgets":false,"_genesis_custom_body_class":"","_genesis_custom_post_class":"","_genesis_layout":"full-width-content","ngg_post_thumbnail":0,"footnotes":""},"class_list":{"0":"post-437","1":"page","2":"type-page","3":"status-publish","5":"entry"},"aioseo_notices":[],"_links":{"self":[{"href":"https:\/\/olivierhutman.com\/en\/wp-json\/wp\/v2\/pages\/437","targetHints":{"allow":["GET"]}}],"collection":[{"href":"https:\/\/olivierhutman.com\/en\/wp-json\/wp\/v2\/pages"}],"about":[{"href":"https:\/\/olivierhutman.com\/en\/wp-json\/wp\/v2\/types\/page"}],"author":[{"embeddable":true,"href":"https:\/\/olivierhutman.com\/en\/wp-json\/wp\/v2\/users\/2"}],"replies":[{"embeddable":true,"href":"https:\/\/olivierhutman.com\/en\/wp-json\/wp\/v2\/comments?post=437"}],"version-history":[{"count":24,"href":"https:\/\/olivierhutman.com\/en\/wp-json\/wp\/v2\/pages\/437\/revisions"}],"predecessor-version":[{"id":1250,"href":"https:\/\/olivierhutman.com\/en\/wp-json\/wp\/v2\/pages\/437\/revisions\/1250"}],"wp:attachment":[{"href":"https:\/\/olivierhutman.com\/en\/wp-json\/wp\/v2\/media?parent=437"}],"curies":[{"name":"wp","href":"https:\/\/api.w.org\/{rel}","templated":true}]}}