{"id":441,"date":"2019-06-01T11:47:01","date_gmt":"2019-06-01T11:47:01","guid":{"rendered":"https:\/\/olivierhutman.com\/musiques-de-film\/"},"modified":"2025-02-07T15:13:48","modified_gmt":"2025-02-07T15:13:48","slug":"soundtracks","status":"publish","type":"page","link":"https:\/\/olivierhutman.com\/en\/soundtracks\/","title":{"rendered":"Soundtracks"},"content":{"rendered":"<div class=\"soundtracks-container\">\n<div class=\"soundtracks-1st-column\">\n<p>Since 1985 Olivier Hutman has been active as a film composer while pursuing his career as a pianist. He has produced over two-hundred original soundtracks for institutional films, short films, feature films, documentaries (Arte, France 5, France 3), TV films (Arte), and advertisement soundtracks. He has a catalog of several dozens of his works to his credit, that are regularly re-run on public and cable channels.<\/p>\n<p>He has collaborated with many directors and producers, among which Serge Moati, Bertrand Tavernier, N.T Binh, Alain Mazars, Antoine de Clermont-Tonnerre, Jean-Louis Livi, Jean-Paul Goude.\n<\/p>\n<div><img decoding=\"async\" style=\"margin-bottom: 0; margin-left: 0;\" src=\"\/wp-content\/uploads\/images\/GIFrancais-OmahaBeach.jpg\" alt=\"Un GI fran\u00e7ais \u00e0 Omaha Beach\"><\/p>\n<p><b>\u00abIl est le seul Fran\u00e7ais \u00e0 avoir foul\u00e9 la plage d&#8217;Omaha Beach sous uniforme am\u00e9ricain\u2026\u00bb<\/b><\/p>\n<p><a title=\"pr\u00e9sentation d\u00e9taill\u00e9e du film\" href=\"https:\/\/www.francetvpro.fr\/contenu-de-presse\/66413764\" target=\"_blank\" rel=\"noopener noreferrer\">\u2022 Detailed presentation of the film by France-TV<\/a><br \/>\n<a title=\"film entier\" href=\"https:\/\/www.youtube.com\/watch?v=S98RmhUdJoo\" target=\"_blank\" rel=\"noopener noreferrer\">\u2022 Whole film<\/a><br \/>\n<br \/><\/br><br \/>\n<br \/><\/br><\/p>\n<p><img decoding=\"async\" style=\"margin-bottom: 50px; margin-left: 0;\" src=\"\/wp-content\/uploads\/images\/moitie_du_ciel.jpg\" alt=\"La Moiti\u00e9 du Ciel\"><br \/>\n<br \/><\/br><br \/>\n<br \/><\/br><\/p>\n<p><img decoding=\"async\" style=\"margin-bottom: 50px;\" src=\"\/wp-content\/uploads\/images\/soeur_chinoise.jpg\" alt=\"Ma soeur chinoise\"><br \/>\n<br \/><\/br><br \/>\n<br \/><\/br><\/p>\n<p><img decoding=\"async\" style=\"border: 2px solid #eee;\" src=\"\/wp-content\/uploads\/images\/miroir_alouettes.gif\" alt=\"Le Miroir aux Alouettes\"><\/div>\n<\/div>\n<p><\/br><br \/>\n<br \/><\/br><\/p>\n<div class=\"soundtracks-2nd-column\">\n<h3>Some Extracts of Compositions<\/h3>\n<p><em>Un GI fran\u00e7ais \u00e0 Omaha Beach. T\u00e9l\u00e9vision (R\u00e9al : D. Korn-Brzoza. Prod : Mediatika, 2024 ) &#8211; &#8216;Mes parents&#8217; (extrait 1)<\/em><\/p>\n<audio class=\"wp-audio-shortcode\" id=\"audio-441-1\" preload=\"none\" style=\"width: 100%;\" controls=\"controls\"><source type=\"audio\/wav\" src=\"\/wp-content\/uploads\/audio\/%20Mes%20parents%20%28FullMix%29.wav?_=1\" \/><a href=\"\/wp-content\/uploads\/audio\/%20Mes%20parents%20%28FullMix%29.wav\">\/wp-content\/uploads\/audio\/%20Mes%20parents%20%28FullMix%29.wav<\/a><\/audio>\n<hr class=\"hr-thin\">\n<p><em>Un GI fran\u00e7ais \u00e0 Omaha Beach \u2013 &#8216;Brest&#8217; (extrait 2)<\/em><\/p>\n<audio class=\"wp-audio-shortcode\" id=\"audio-441-2\" preload=\"none\" style=\"width: 100%;\" controls=\"controls\"><source type=\"audio\/wav\" src=\"\/wp-content\/uploads\/audio\/Brest%20%28FullMix%29.wav?_=2\" \/><a href=\"\/wp-content\/uploads\/audio\/Brest%20%28FullMix%29.wav\">\/wp-content\/uploads\/audio\/Brest%20%28FullMix%29.wav<\/a><\/audio>\n<hr class=\"hr-thin\">\n<p><em>Un GI fran\u00e7ais \u00e0 Omaha Beach \u2013 &#8216;Queen Elizabeth&#8217; (extrait 3)<\/em><\/p>\n<audio class=\"wp-audio-shortcode\" id=\"audio-441-3\" preload=\"none\" style=\"width: 100%;\" controls=\"controls\"><source type=\"audio\/wav\" src=\"\/wp-content\/uploads\/audio\/Queen%20Elisabeth%20%28FullMix%29.wav?_=3\" \/><a href=\"\/wp-content\/uploads\/audio\/Queen%20Elisabeth%20%28FullMix%29.wav\">\/wp-content\/uploads\/audio\/Queen%20Elisabeth%20%28FullMix%29.wav<\/a><\/audio>\n<hr class=\"hr-thin\">\n<p><em>Un GI fran\u00e7ais \u00e0 Omaha Beach \u2013 &#8216;Travers\u00e9e en Am\u00e9rique (extrait 4)<\/em><\/p>\n<audio class=\"wp-audio-shortcode\" id=\"audio-441-4\" preload=\"none\" style=\"width: 100%;\" controls=\"controls\"><source type=\"audio\/wav\" src=\"\/wp-content\/uploads\/audio\/Traverse\u0301e%20en%20Ame\u0301rique%20%28FullMix%29.wav?_=4\" \/><a href=\"\/wp-content\/uploads\/audio\/Traverse\u0301e%20en%20Ame\u0301rique%20%28FullMix%29.wav\">\/wp-content\/uploads\/audio\/Traverse\u0301e%20en%20Ame\u0301rique%20%28FullMix%29.wav<\/a><\/audio>\n<hr class=\"hr-thin\">\n<p><em>La Moiti\u00e9 du Ciel. Cin\u00e9ma (R\u00e9al : A. Mazars. Prod : Film Par Film, 2002 ) &#8211; G\u00e9n\u00e9rique<\/em><\/p>\n<audio class=\"wp-audio-shortcode\" id=\"audio-441-5\" preload=\"none\" style=\"width: 100%;\" controls=\"controls\"><source type=\"audio\/mpeg\" src=\"\/wp-content\/uploads\/audio\/track01.mp3?_=5\" \/><a href=\"\/wp-content\/uploads\/audio\/track01.mp3\">\/wp-content\/uploads\/audio\/track01.mp3<\/a><\/audio>\n<hr class=\"hr-thin\">\n<p><em>La Moiti\u00e9 du Ciel. Extrait 2<\/em><\/p>\n<audio class=\"wp-audio-shortcode\" id=\"audio-441-6\" preload=\"none\" style=\"width: 100%;\" controls=\"controls\"><source type=\"audio\/mpeg\" src=\"\/wp-content\/uploads\/audio\/track02.mp3?_=6\" \/><a href=\"\/wp-content\/uploads\/audio\/track02.mp3\">\/wp-content\/uploads\/audio\/track02.mp3<\/a><\/audio>\n<hr class=\"hr-thin\">\n<p><em>Virtual Allergy. T\u00e9l\u00e9vision (Prod : Bin\u00f4me \/ France 2, 1999 ) Extrait<\/em><\/p>\n<audio class=\"wp-audio-shortcode\" id=\"audio-441-7\" preload=\"none\" style=\"width: 100%;\" controls=\"controls\"><source type=\"audio\/mpeg\" src=\"\/wp-content\/uploads\/audio\/track03.mp3?_=7\" \/><a href=\"\/wp-content\/uploads\/audio\/track03.mp3\">\/wp-content\/uploads\/audio\/track03.mp3<\/a><\/audio>\n<hr class=\"hr-thin\">\n<p><em>Le Miroir aux Alouettes. T\u00e9l\u00e9vision (R\u00e9al : F. Fehr . Prod : Little Bear \/ Arte, 2001 ) &#8211; Extrait 1<\/em><\/p>\n<audio class=\"wp-audio-shortcode\" id=\"audio-441-8\" preload=\"none\" style=\"width: 100%;\" controls=\"controls\"><source type=\"audio\/mpeg\" src=\"\/wp-content\/uploads\/audio\/track04.mp3?_=8\" \/><a href=\"\/wp-content\/uploads\/audio\/track04.mp3\">\/wp-content\/uploads\/audio\/track04.mp3<\/a><\/audio>\n<hr class=\"hr-thin\">\n<p><em>Le Miroir aux Alouettes. G\u00e9n\u00e9rique<\/em><\/p>\n<audio class=\"wp-audio-shortcode\" id=\"audio-441-9\" preload=\"none\" style=\"width: 100%;\" controls=\"controls\"><source type=\"audio\/mpeg\" src=\"\/wp-content\/uploads\/audio\/track05.mp3?_=9\" \/><a href=\"\/wp-content\/uploads\/audio\/track05.mp3\">\/wp-content\/uploads\/audio\/track05.mp3<\/a><\/audio>\n<hr class=\"hr-thin\">\n<p><em>Le Miroir aux Alouettes . Extrait 3<\/em><\/p>\n<audio class=\"wp-audio-shortcode\" id=\"audio-441-10\" preload=\"none\" style=\"width: 100%;\" controls=\"controls\"><source type=\"audio\/mpeg\" src=\"\/wp-content\/uploads\/audio\/track06.mp3?_=10\" \/><a href=\"\/wp-content\/uploads\/audio\/track06.mp3\">\/wp-content\/uploads\/audio\/track06.mp3<\/a><\/audio>\n<hr class=\"hr-thin\">\n<p><em>Ma s\u0153ur chinoise. Cin\u00e9ma (R\u00e9al : A. Mazars . Prod : MACT, 1995). G\u00e9n\u00e9rique<\/em><\/p>\n<audio class=\"wp-audio-shortcode\" id=\"audio-441-11\" preload=\"none\" style=\"width: 100%;\" controls=\"controls\"><source type=\"audio\/mpeg\" src=\"\/wp-content\/uploads\/audio\/track07.mp3?_=11\" \/><a href=\"\/wp-content\/uploads\/audio\/track07.mp3\">\/wp-content\/uploads\/audio\/track07.mp3<\/a><\/audio>\n<hr class=\"hr-thin\">\n<p><em>Ma s\u0153ur chinoise . Extrait 2<\/em><\/p>\n<audio class=\"wp-audio-shortcode\" id=\"audio-441-12\" preload=\"none\" style=\"width: 100%;\" controls=\"controls\"><source type=\"audio\/mpeg\" src=\"\/wp-content\/uploads\/audio\/track08.mp3?_=12\" \/><a href=\"\/wp-content\/uploads\/audio\/track08.mp3\">\/wp-content\/uploads\/audio\/track08.mp3<\/a><\/audio>\n<hr class=\"hr-thin\">\n<p><em>Mille D\u00e9sirs. T\u00e9l\u00e9vision ( Prod : Raspail associ\u00e9s \/ M6, 2004 ) G\u00e9n\u00e9rique<\/em><\/p>\n<audio class=\"wp-audio-shortcode\" id=\"audio-441-13\" preload=\"none\" style=\"width: 100%;\" controls=\"controls\"><source type=\"audio\/mpeg\" src=\"\/wp-content\/uploads\/audio\/track09.mp3?_=13\" \/><a href=\"\/wp-content\/uploads\/audio\/track09.mp3\">\/wp-content\/uploads\/audio\/track09.mp3<\/a><\/audio>\n<hr class=\"hr-thin\">\n<p><em>Rossini. .T\u00e9l\u00e9vision ( R\u00e9al : N. Caranfil. Prod ; MACT, 1997 ) G\u00e9n\u00e9rique<\/em><\/p>\n<audio class=\"wp-audio-shortcode\" id=\"audio-441-14\" preload=\"none\" style=\"width: 100%;\" controls=\"controls\"><source type=\"audio\/mpeg\" src=\"\/wp-content\/uploads\/audio\/track10.mp3?_=14\" \/><a href=\"\/wp-content\/uploads\/audio\/track10.mp3\">\/wp-content\/uploads\/audio\/track10.mp3<\/a><\/audio>\n<hr class=\"hr-thin\">\n<p><em>Birmanie : Les derniers rebelles . Docu T\u00e9l\u00e9 ( Prod : Plan\u00e8te, 2005 ) Extrait<\/em><\/p>\n<audio class=\"wp-audio-shortcode\" id=\"audio-441-15\" preload=\"none\" style=\"width: 100%;\" controls=\"controls\"><source type=\"audio\/mpeg\" src=\"\/wp-content\/uploads\/audio\/track11.mp3?_=15\" \/><a href=\"\/wp-content\/uploads\/audio\/track11.mp3\">\/wp-content\/uploads\/audio\/track11.mp3<\/a><\/audio>\n<hr class=\"hr-thin\">\n<p><em>Ma s\u0153ur chinoise. Extrait 3<\/em><\/p>\n<audio class=\"wp-audio-shortcode\" id=\"audio-441-16\" preload=\"none\" style=\"width: 100%;\" controls=\"controls\"><source type=\"audio\/mpeg\" src=\"\/wp-content\/uploads\/audio\/track12.mp3?_=16\" \/><a href=\"\/wp-content\/uploads\/audio\/track12.mp3\">\/wp-content\/uploads\/audio\/track12.mp3<\/a><\/audio>\n<hr class=\"hr-thin\">\n<p><em>La Vie sur Terre. T\u00e9l\u00e9vision (Jingle Pub 2010)<\/em><\/p>\n<audio class=\"wp-audio-shortcode\" id=\"audio-441-17\" preload=\"none\" style=\"width: 100%;\" controls=\"controls\"><source type=\"audio\/mpeg\" src=\"\/wp-content\/uploads\/audio\/track13.mp3?_=17\" \/><a href=\"\/wp-content\/uploads\/audio\/track13.mp3\">\/wp-content\/uploads\/audio\/track13.mp3<\/a><\/audio>\n<hr class=\"hr-thin\">\n<p><em>Piano TV. T\u00e9l\u00e9vision (France 3 \u2013 2008)<\/em><\/p>\n<audio class=\"wp-audio-shortcode\" id=\"audio-441-18\" preload=\"none\" style=\"width: 100%;\" controls=\"controls\"><source type=\"audio\/mpeg\" src=\"\/wp-content\/uploads\/audio\/track14.mp3?_=18\" \/><a href=\"\/wp-content\/uploads\/audio\/track14.mp3\">\/wp-content\/uploads\/audio\/track14.mp3<\/a><\/audio>\n<hr class=\"hr-thin\">\n<p>Piano TV. T\u00e9l\u00e9vision (France 3 \u2013 2008)<\/p>\n<audio class=\"wp-audio-shortcode\" id=\"audio-441-19\" preload=\"none\" style=\"width: 100%;\" controls=\"controls\"><source type=\"audio\/mpeg\" src=\"\/wp-content\/uploads\/audio\/track15.mp3?_=19\" \/><a href=\"\/wp-content\/uploads\/audio\/track15.mp3\">\/wp-content\/uploads\/audio\/track15.mp3<\/a><\/audio>\n<\/div>\n<\/div>\n","protected":false},"excerpt":{"rendered":"<p>Since 1985 Olivier Hutman has been active as a film composer while pursuing his career as a pianist. He has produced over two-hundred original soundtracks for institutional films, short films, feature films, documentaries (Arte, France 5, France 3), TV films (Arte), and advertisement soundtracks. He has a catalog of several dozens of his works to [&hellip;]<\/p>\n","protected":false},"author":2,"featured_media":0,"parent":0,"menu_order":0,"comment_status":"closed","ping_status":"closed","template":"","meta":{"_genesis_hide_title":false,"_genesis_hide_breadcrumbs":false,"_genesis_hide_singular_image":false,"_genesis_hide_footer_widgets":false,"_genesis_custom_body_class":"","_genesis_custom_post_class":"","_genesis_layout":"full-width-content","ngg_post_thumbnail":0,"footnotes":""},"class_list":{"0":"post-441","1":"page","2":"type-page","3":"status-publish","5":"entry"},"aioseo_notices":[],"_links":{"self":[{"href":"https:\/\/olivierhutman.com\/en\/wp-json\/wp\/v2\/pages\/441","targetHints":{"allow":["GET"]}}],"collection":[{"href":"https:\/\/olivierhutman.com\/en\/wp-json\/wp\/v2\/pages"}],"about":[{"href":"https:\/\/olivierhutman.com\/en\/wp-json\/wp\/v2\/types\/page"}],"author":[{"embeddable":true,"href":"https:\/\/olivierhutman.com\/en\/wp-json\/wp\/v2\/users\/2"}],"replies":[{"embeddable":true,"href":"https:\/\/olivierhutman.com\/en\/wp-json\/wp\/v2\/comments?post=441"}],"version-history":[{"count":14,"href":"https:\/\/olivierhutman.com\/en\/wp-json\/wp\/v2\/pages\/441\/revisions"}],"predecessor-version":[{"id":1207,"href":"https:\/\/olivierhutman.com\/en\/wp-json\/wp\/v2\/pages\/441\/revisions\/1207"}],"wp:attachment":[{"href":"https:\/\/olivierhutman.com\/en\/wp-json\/wp\/v2\/media?parent=441"}],"curies":[{"name":"wp","href":"https:\/\/api.w.org\/{rel}","templated":true}]}}