{"id":446,"date":"2019-06-01T11:48:47","date_gmt":"2019-06-01T11:48:47","guid":{"rendered":"https:\/\/olivierhutman.com\/videos\/"},"modified":"2025-02-07T11:28:25","modified_gmt":"2025-02-07T11:28:25","slug":"videos","status":"publish","type":"page","link":"https:\/\/olivierhutman.com\/en\/videos\/","title":{"rendered":"Videos"},"content":{"rendered":"<div style=\"max-width: 640px; margin: 0 auto;\">\n<div><a href=\"https:\/\/www.youtube.com\/watch?v=S98RmhUdJoo\" target=\"_blank\" rel=\"noopener noreferrer\"><img decoding=\"async\" src=\"https:\/\/olivierhutman.com\/wp-content\/uploads\/images\/youtube-screenshot-GI-francais-Omaha-Beach.png\"><\/a><\/div>\n<p class=\"vid-caption\" style=\"margin: 10px 0 60px;\"> <b>Un GI fran\u00e7ais \u00e0 Omaha Beach<\/b> <i>(whole film)<\/i> <br \/> Music: O.Hutman (Dir: D. Korn-Brzoza \/ Prod: Mediatika, 2024 \u2013 television)<\/p>\n<div><a href=\"https:\/\/youtu.be\/vxVTR3yQwec\" target=\"_blank\" rel=\"noopener noreferrer\"><img decoding=\"async\" src=\"https:\/\/olivierhutman.com\/wp-content\/uploads\/Hutman-ColePorter.png\"><\/a><\/div>\n<p class=\"vid-caption\" style=\"margin: 10px 0 60px;\">Jean-Luc FILLON\/Fr\u00e9d\u00e9ric EYMARD\/Olivier HUTMAN \u2013 &#8216;Tribute to Cole Porter&#8217; \u2013 December 2020<\/p>\n<div><a href=\"https:\/\/www.youtube.com\/watch?v=iCshSR1Xnys\" target=\"_blank\" rel=\"noopener noreferrer\"><img decoding=\"async\" src=\"https:\/\/olivierhutman.com\/wp-content\/uploads\/edited-HutmanTrio-LeChesnay-Facebook-9mai20.png\"><\/a><\/div>\n<p class=\"vid-caption\" style=\"margin: 10px 0 60px;\">&#8216;Facebook Live&#8217; HUTMAN-BERTAUX-RABESON during the lockdown \u2013 Le Chesnay \u2013 9 May 2020<\/p>\n<div><a href=\"https:\/\/www.facebook.com\/olivier.hutman\/videos\/10156015670148573\/\" target=\"_blank\" rel=\"noopener noreferrer\"><img src = \"https:\/\/olivierhutman.com\/wp-content\/uploads\/videos\/eaubonne_2018.jpg\"><\/a><\/div>\n<p class=\"vid-caption\" style=\"margin: 10px 0 60px \" >Olivier Hutman, Marc Bertaux, Tony Rabeson &#8211; Eaubonne 2018<\/p>\n<div><a href=\"https:\/\/www.facebook.com\/olivier.temime\/videos\/10158770983768057\/UzpfSTcxNTU2MzU3MjoxMDE1ODc2OTAzMDYxMzU3Mw\/\" target=\"_blank\" rel=\"noopener noreferrer\"><img decoding=\"async\" src=\"https:\/\/olivierhutman.com\/wp-content\/uploads\/TemimeHutman-Duc-Facebook-22fe\u0301v20.png\"><\/a><\/div>\n<p class=\"vid-caption\" style=\"margin: 10px 0 60px;\">Olivier Temime, Olivier Hutman, Samuel Hubert, Tony Rabeson<br \/>\n(Duc des Lombards, Paris \u2013 February 2020)<br \/>\n&#8212;<br \/>\n<u>Glass Bead Games Tribute to Clifford Jordan<\/u><br \/>\n&#8220;Maimoun&#8221; (Stanley Cowell)<br \/>\n&#8220;Alias Buster Henry&#8221; (Billy Higgins)<\/p>\n<div style=\"width: 640px;\" class=\"wp-video\"><video class=\"wp-video-shortcode\" id=\"video-446-1\" width=\"640\" height=\"360\" poster=\"https:\/\/olivierhutman.com\/wp-content\/uploads\/videos\/guangzhou_2017.jpg\" preload=\"metadata\" controls=\"controls\"><source type=\"video\/mp4\" src=\"https:\/\/olivierhutman.com\/wp-content\/uploads\/videos\/guangzhou_2017.mp4?_=1\" \/><a href=\"https:\/\/olivierhutman.com\/wp-content\/uploads\/videos\/guangzhou_2017.mp4\">https:\/\/olivierhutman.com\/wp-content\/uploads\/videos\/guangzhou_2017.mp4<\/a><\/video><\/div>\n<p class=\"vid-caption\">Olivier Hutman -Jonathan Orland 4tet &#8211; Guangzhou Festival 2017 (China)<\/p>\n<div style=\"width: 640px;\" class=\"wp-video\"><video class=\"wp-video-shortcode\" id=\"video-446-2\" width=\"640\" height=\"360\" poster=\"https:\/\/olivierhutman.com\/wp-content\/uploads\/videos\/gary_smulyan.jpg\" preload=\"metadata\" controls=\"controls\"><source type=\"video\/mp4\" src=\"https:\/\/olivierhutman.com\/wp-content\/uploads\/videos\/gary_smulyan.mp4?_=2\" \/><a href=\"https:\/\/olivierhutman.com\/wp-content\/uploads\/videos\/gary_smulyan.mp4\">https:\/\/olivierhutman.com\/wp-content\/uploads\/videos\/gary_smulyan.mp4<\/a><\/video><\/div>\n<p class=\"vid-caption\">With Gary Smulyan &amp; Ralph Moore 5tet &#8211; Jazzkeller Frankfurt &#8211; 2018<\/p>\n<div style=\"width: 640px;\" class=\"wp-video\"><video class=\"wp-video-shortcode\" id=\"video-446-3\" width=\"640\" height=\"360\" poster=\"https:\/\/olivierhutman.com\/wp-content\/uploads\/videos\/bernardins-1.jpg\" preload=\"metadata\" controls=\"controls\"><source type=\"video\/mp4\" src=\"https:\/\/olivierhutman.com\/wp-content\/uploads\/videos\/bernardins-1.mp4?_=3\" \/><a href=\"https:\/\/olivierhutman.com\/wp-content\/uploads\/videos\/bernardins-1.mp4\">https:\/\/olivierhutman.com\/wp-content\/uploads\/videos\/bernardins-1.mp4<\/a><\/video><\/div>\n<p class=\"vid-caption\">With Steve Williams &amp; Darryl Hall &#8211; &#8220;Five in Green&#8221; &#8211; Coll\u00e8ge des Bernardins &#8211; 2012<\/p>\n<div style=\"width: 640px;\" class=\"wp-video\"><video class=\"wp-video-shortcode\" id=\"video-446-4\" width=\"640\" height=\"360\" poster=\"https:\/\/olivierhutman.com\/wp-content\/uploads\/videos\/bernardins-2.jpg\" preload=\"metadata\" controls=\"controls\"><source type=\"video\/mp4\" src=\"https:\/\/olivierhutman.com\/wp-content\/uploads\/videos\/bernardins-2.mp4?_=4\" \/><a href=\"https:\/\/olivierhutman.com\/wp-content\/uploads\/videos\/bernardins-2.mp4\">https:\/\/olivierhutman.com\/wp-content\/uploads\/videos\/bernardins-2.mp4<\/a><\/video><\/div>\n<p class=\"vid-caption\">With Steve Williams &amp; Darryl Hall &#8211; &#8220;Three For Vee&#8221; &#8211; Coll\u00e8ge des Bernardins &#8211; 2012<\/p>\n<div style=\"width: 640px;\" class=\"wp-video\"><video class=\"wp-video-shortcode\" id=\"video-446-5\" width=\"640\" height=\"360\" poster=\"https:\/\/olivierhutman.com\/wp-content\/uploads\/videos\/bernardins-3.jpg\" preload=\"metadata\" controls=\"controls\"><source type=\"video\/mp4\" src=\"https:\/\/olivierhutman.com\/wp-content\/uploads\/videos\/bernardins-3.mp4?_=5\" \/><a href=\"https:\/\/olivierhutman.com\/wp-content\/uploads\/videos\/bernardins-3.mp4\">https:\/\/olivierhutman.com\/wp-content\/uploads\/videos\/bernardins-3.mp4<\/a><\/video><\/div>\n<p class=\"vid-caption\">With Steve Williams &amp; Darryl Hall &#8211; &#8220;Max&#8217;s Axe&#8221; &#8211; Coll\u00e8ge des Bernardins &#8211; 2012<\/p>\n<div style=\"width: 640px;\" class=\"wp-video\"><video class=\"wp-video-shortcode\" id=\"video-446-6\" width=\"640\" height=\"360\" poster=\"https:\/\/olivierhutman.com\/wp-content\/uploads\/videos\/alice_ricciardi_teaser.jpg\" preload=\"metadata\" controls=\"controls\"><source type=\"video\/mp4\" src=\"https:\/\/olivierhutman.com\/wp-content\/uploads\/videos\/alice_ricciardi_teaser.mp4?_=6\" \/><a href=\"https:\/\/olivierhutman.com\/wp-content\/uploads\/videos\/alice_ricciardi_teaser.mp4\">https:\/\/olivierhutman.com\/wp-content\/uploads\/videos\/alice_ricciardi_teaser.mp4<\/a><\/video><\/div>\n<p class=\"vid-caption\">Olivier Hutman Meets Alice Ricciardi &#8211; Making off &#8211; 2016<\/p>\n<div style=\"width: 640px;\" class=\"wp-video\"><video class=\"wp-video-shortcode\" id=\"video-446-7\" width=\"640\" height=\"360\" poster=\"https:\/\/olivierhutman.com\/wp-content\/uploads\/videos\/your_call.png\" preload=\"metadata\" controls=\"controls\"><source type=\"video\/mp4\" src=\"https:\/\/olivierhutman.com\/wp-content\/uploads\/videos\/your_call.mp4?_=7\" \/><a href=\"https:\/\/olivierhutman.com\/wp-content\/uploads\/videos\/your_call.mp4\">https:\/\/olivierhutman.com\/wp-content\/uploads\/videos\/your_call.mp4<\/a><\/video><\/div>\n<p class=\"vid-caption\">Olivier Hutman Meets Alice Ricciardi &#8211; Your Call &#8211; 2016<\/p>\n<div style=\"width: 640px;\" class=\"wp-video\"><video class=\"wp-video-shortcode\" id=\"video-446-8\" width=\"640\" height=\"360\" poster=\"https:\/\/olivierhutman.com\/wp-content\/uploads\/videos\/no_tricks.jpg\" preload=\"metadata\" controls=\"controls\"><source type=\"video\/mp4\" src=\"https:\/\/olivierhutman.com\/wp-content\/uploads\/videos\/no_tricks.mp4?_=8\" \/><a href=\"https:\/\/olivierhutman.com\/wp-content\/uploads\/videos\/no_tricks.mp4\">https:\/\/olivierhutman.com\/wp-content\/uploads\/videos\/no_tricks.mp4<\/a><\/video><\/div>\n<p class=\"vid-caption\">&#8220;No Tricks&#8221; CD Release<\/p>\n<div style=\"width: 640px;\" class=\"wp-video\"><video class=\"wp-video-shortcode\" id=\"video-446-9\" width=\"640\" height=\"360\" poster=\"https:\/\/olivierhutman.com\/wp-content\/uploads\/videos\/anne_ducros_when_i_know.jpg\" preload=\"metadata\" controls=\"controls\"><source type=\"video\/mp4\" src=\"https:\/\/olivierhutman.com\/wp-content\/uploads\/videos\/anne_ducros_when_i_know.mp4?_=9\" \/><a href=\"https:\/\/olivierhutman.com\/wp-content\/uploads\/videos\/anne_ducros_when_i_know.mp4\">https:\/\/olivierhutman.com\/wp-content\/uploads\/videos\/anne_ducros_when_i_know.mp4<\/a><\/video><\/div>\n<p class=\"vid-caption\">Anne Ducros singing &#8220;When I know, If I Know&#8221; composed for her by Olivier Hutman<br \/>Cagliari, Sicily &#8211; 2007<\/p>\n<div style=\"width: 640px;\" class=\"wp-video\"><video class=\"wp-video-shortcode\" id=\"video-446-10\" width=\"640\" height=\"360\" poster=\"https:\/\/olivierhutman.com\/wp-content\/uploads\/videos\/klezmer_nova_lataklezferlantes.jpg\" preload=\"metadata\" controls=\"controls\"><source type=\"video\/mp4\" src=\"https:\/\/olivierhutman.com\/wp-content\/uploads\/videos\/klezmer_nova_lataklezferlantes.mp4?_=10\" \/><a href=\"https:\/\/olivierhutman.com\/wp-content\/uploads\/videos\/klezmer_nova_lataklezferlantes.mp4\">https:\/\/olivierhutman.com\/wp-content\/uploads\/videos\/klezmer_nova_lataklezferlantes.mp4<\/a><\/video><\/div>\n<p class=\"vid-caption\">With Klezmer Nova &#8211; 2011<\/p>\n<div style=\"width: 640px;\" class=\"wp-video\"><video class=\"wp-video-shortcode\" id=\"video-446-11\" width=\"640\" height=\"360\" poster=\"https:\/\/olivierhutman.com\/wp-content\/uploads\/videos\/klezmer_nova.jpg\" preload=\"metadata\" controls=\"controls\"><source type=\"video\/mp4\" src=\"https:\/\/olivierhutman.com\/wp-content\/uploads\/videos\/klezmer_nova.mp4?_=11\" \/><a href=\"https:\/\/olivierhutman.com\/wp-content\/uploads\/videos\/klezmer_nova.mp4\">https:\/\/olivierhutman.com\/wp-content\/uploads\/videos\/klezmer_nova.mp4<\/a><\/video><\/div>\n<p class=\"vid-caption\">With Klezmer Nova &#8211; Reykjavik Arts Festival &#8211; 2004<\/p>\n<div style=\"width: 640px;\" class=\"wp-video\"><video class=\"wp-video-shortcode\" id=\"video-446-12\" width=\"640\" height=\"360\" poster=\"https:\/\/olivierhutman.com\/wp-content\/uploads\/videos\/alainbrunet.jpg\" preload=\"metadata\" controls=\"controls\"><source type=\"video\/mp4\" src=\"https:\/\/olivierhutman.com\/wp-content\/uploads\/videos\/alainbrunet.mp4?_=12\" \/><a href=\"https:\/\/olivierhutman.com\/wp-content\/uploads\/videos\/alainbrunet.mp4\">https:\/\/olivierhutman.com\/wp-content\/uploads\/videos\/alainbrunet.mp4<\/a><\/video><\/div>\n<p class=\"vid-caption\">Live on T\u00e9l\u00e9 Qu\u00e9bec with Alain Brunet 4tet &#8211;<em> Chez les Y\u00e9y\u00e9s<\/em> (Serge Gainsbourg) &#8211; 1993<\/p>\n<div style=\"width: 640px;\" class=\"wp-video\"><video class=\"wp-video-shortcode\" id=\"video-446-13\" width=\"640\" height=\"360\" poster=\"https:\/\/olivierhutman.com\/wp-content\/uploads\/videos\/gewalt.jpg\" preload=\"metadata\" controls=\"controls\"><source type=\"video\/mp4\" src=\"https:\/\/olivierhutman.com\/wp-content\/uploads\/videos\/gewalt.mp4?_=13\" \/><a href=\"https:\/\/olivierhutman.com\/wp-content\/uploads\/videos\/gewalt.mp4\">https:\/\/olivierhutman.com\/wp-content\/uploads\/videos\/gewalt.mp4<\/a><\/video><\/div>\n<p class=\"vid-caption\">TV with Marc Bertaux &amp; Tony Rabeson, &#8220;Oi Gewalt&#8221; &#8211; Recording: Studio Davout &#8211; 1984<\/p>\n<div style=\"width: 640px;\" class=\"wp-video\"><video class=\"wp-video-shortcode\" id=\"video-446-14\" width=\"640\" height=\"360\" poster=\"https:\/\/olivierhutman.com\/wp-content\/uploads\/videos\/capo_verde.jpg\" preload=\"metadata\" controls=\"controls\"><source type=\"video\/mp4\" src=\"https:\/\/olivierhutman.com\/wp-content\/uploads\/videos\/capo_verde.mp4?_=14\" \/><a href=\"https:\/\/olivierhutman.com\/wp-content\/uploads\/videos\/capo_verde.mp4\">https:\/\/olivierhutman.com\/wp-content\/uploads\/videos\/capo_verde.mp4<\/a><\/video><\/div>\n<p class=\"vid-caption\">With Marc Bertaux &amp; Tony Rabeson, &#8220;Capo Verde&#8221; &#8211; Sunset, Paris &#8211; 1984<\/p>\n<div style=\"width: 640px;\" class=\"wp-video\"><video class=\"wp-video-shortcode\" id=\"video-446-15\" width=\"640\" height=\"360\" poster=\"https:\/\/olivierhutman.com\/wp-content\/uploads\/videos\/salvador_pantin.jpg\" preload=\"metadata\" controls=\"controls\"><source type=\"video\/mp4\" src=\"https:\/\/olivierhutman.com\/wp-content\/uploads\/videos\/salvador_pantin.mp4?_=15\" \/><a href=\"https:\/\/olivierhutman.com\/wp-content\/uploads\/videos\/salvador_pantin.mp4\">https:\/\/olivierhutman.com\/wp-content\/uploads\/videos\/salvador_pantin.mp4<\/a><\/video><\/div>\n<p class=\"vid-caption\">With Henri Salvador at the &#8220;Chapiteau de Pantin&#8221; &#8211; 1983<\/p>\n<\/div>\n","protected":false},"excerpt":{"rendered":"<p>Un GI fran\u00e7ais \u00e0 Omaha Beach (whole film) Music: O.Hutman (Dir: D. Korn-Brzoza \/ Prod: Mediatika, 2024 \u2013 television) Jean-Luc FILLON\/Fr\u00e9d\u00e9ric EYMARD\/Olivier HUTMAN \u2013 &#8216;Tribute to Cole Porter&#8217; \u2013 December 2020 &#8216;Facebook Live&#8217; HUTMAN-BERTAUX-RABESON during the lockdown \u2013 Le Chesnay \u2013 9 May 2020 Olivier Hutman, Marc Bertaux, Tony Rabeson &#8211; Eaubonne 2018 Olivier Temime, [&hellip;]<\/p>\n","protected":false},"author":2,"featured_media":0,"parent":0,"menu_order":0,"comment_status":"closed","ping_status":"closed","template":"","meta":{"_genesis_hide_title":false,"_genesis_hide_breadcrumbs":false,"_genesis_hide_singular_image":false,"_genesis_hide_footer_widgets":false,"_genesis_custom_body_class":"","_genesis_custom_post_class":"","_genesis_layout":"full-width-content","ngg_post_thumbnail":0,"footnotes":""},"class_list":{"0":"post-446","1":"page","2":"type-page","3":"status-publish","5":"entry"},"aioseo_notices":[],"_links":{"self":[{"href":"https:\/\/olivierhutman.com\/en\/wp-json\/wp\/v2\/pages\/446","targetHints":{"allow":["GET"]}}],"collection":[{"href":"https:\/\/olivierhutman.com\/en\/wp-json\/wp\/v2\/pages"}],"about":[{"href":"https:\/\/olivierhutman.com\/en\/wp-json\/wp\/v2\/types\/page"}],"author":[{"embeddable":true,"href":"https:\/\/olivierhutman.com\/en\/wp-json\/wp\/v2\/users\/2"}],"replies":[{"embeddable":true,"href":"https:\/\/olivierhutman.com\/en\/wp-json\/wp\/v2\/comments?post=446"}],"version-history":[{"count":11,"href":"https:\/\/olivierhutman.com\/en\/wp-json\/wp\/v2\/pages\/446\/revisions"}],"predecessor-version":[{"id":1205,"href":"https:\/\/olivierhutman.com\/en\/wp-json\/wp\/v2\/pages\/446\/revisions\/1205"}],"wp:attachment":[{"href":"https:\/\/olivierhutman.com\/en\/wp-json\/wp\/v2\/media?parent=446"}],"curies":[{"name":"wp","href":"https:\/\/api.w.org\/{rel}","templated":true}]}}