{"id":454,"date":"2019-06-01T11:49:04","date_gmt":"2019-06-01T11:49:04","guid":{"rendered":"https:\/\/olivierhutman.com\/concerts\/"},"modified":"2026-04-19T13:19:24","modified_gmt":"2026-04-19T13:19:24","slug":"concerts","status":"publish","type":"page","link":"https:\/\/olivierhutman.com\/en\/concerts\/","title":{"rendered":"Concerts"},"content":{"rendered":"<p>&nbsp;<\/p>\n<h2>September 2025<\/h2>\n<p><strong>September 24: Recording Olivier Hutman-Lamine Cissokho (Fr\u00e9meaux et Associ\u00e9s)<br \/>\n<\/strong>Studio du Petit Pont &#8211; Maurepas (78)<\/p>\n<p><strong>September 25: Recording Olivier Hutman-Lamine Cissokho (Fr\u00e9meaux et Associ\u00e9s)<br \/>\n<\/strong>Studio du Petit Pont &#8211; Maurepas (78)<\/p>\n<hr>\n<h2>October 2025<\/h2>\n<p><strong>October 4: Rosemary Phillips &#8211; Th\u00e9\u00e2tre des Champs Elys\u00e9es Special Evening<br \/>\n<\/strong>H\u00f4tel Plaza Ath\u00e9n\u00e9e<\/p>\n<p><strong>October 7: Jos\u00e9 Fallot CD Release<br \/>\n<\/strong>JACP &#8211; Le Chesnay (78), 21h<\/p>\n<p><strong>October 9: Masterclass<br \/>\n<\/strong>CMDL. Evry-Courcouronnes (91)<\/p>\n<p><strong>October 11: Pier Paolo Pozzi 4tet feat. Sylvain Beuf<br \/>\n<\/strong>Caf\u00e9 Laurent &#8211; Paris, 20h<\/p>\n<p><strong>October 15: Alex Terrier &#8211; Olivier Hutman<br \/>\n<\/strong>Buffet-Crampon Paris Showroom, 19h<\/p>\n<p><strong>October 16: Masterclass<\/strong><\/p>\n<p>CMDL. Evry-Courcouronnes (91)<\/p>\n<p><strong>October 25: Jos\u00e9 Fallot 5tet<br \/>\n<\/strong>Heppenheim (ALL)<\/p>\n<hr>\n<h2>November 2025<\/h2>\n<p><strong>November 6 : Piano Follies<br \/>\n<\/strong>ECUJE &#8211; Paris 20h30<\/p>\n<hr>\n<h2>December 2025<\/h2>\n<p><strong>December 7 : Bruno Pilloix 4tet &#8211; Urbno Jazz<br \/>\n<\/strong>Mayenne (53) &#8211; 16h<\/p>\n<p><strong>December 9 : Jacques Vidal 4tet feat. Pierrick Pedron &amp; Simon Goubert<br \/>\n<\/strong>L&#8217;Entrep\u00f4t &#8211; Paris, 21h<\/p>\n<p><strong>December 11 : Masterclass<br \/>\n<\/strong>CMDL &#8211; Evry-Courcouronnes (91)&nbsp;<\/p>\n<hr>\n<h2>January 2026<\/h2>\n<p><strong>January 15 : With Jos\u00e9 Fallot Trio<br \/>\n<\/strong>Troyes (10) &#8211; 20h30<\/p>\n<p><strong>January 22 : With JC Ghrenassia &amp; Casbah Band Feat. Stephy Haik<br \/>\n<\/strong>ECUJE &#8211; Paris &#8211; 20h30<\/p>\n<hr>\n<h2>February 2026<\/h2>\n<p><strong>February 15 : With Klezmernova<br \/>\n<\/strong>Ecuje &#8211; Paris &#8211; 17h<\/p>\n<p><strong>February 16 : With Klezmernova<br \/>\n<\/strong>Ecuje &#8211; Paris &#8211; 20h30<\/p>\n<hr>\n<h2>March 2026<\/h2>\n<p><strong>March 7 : With Eric Breton &#8211; Sara Lazarus 5tet<br \/>\n<\/strong>Villiers-le-Bel (93) 20h30<\/p>\n<p><strong>March 13 : With Lamine Cissokho &#8211; CD release party &#8220;The Following'&#8221; (Fr\u00e9meaux &amp; Associ\u00e9s)<br \/>\n<\/strong>Sunside &#8211; Paris &#8211; 19h<\/p>\n<p><strong>March 14 : With Lamine Cissokho &#8211; CD release party &#8220;The Following'&#8221; (Fr\u00e9meaux &amp; Associ\u00e9s)<br \/>\n<\/strong>Sunside &#8211; Paris &#8211; 19h<\/p>\n<p><strong>March 18 : With Jacques Vidal &amp; Friends Feat. Pierrick Pedron &amp; Simon Goubert<br \/>\n<\/strong>Entrep\u00f4t- Paris &#8211; 20h30<\/p>\n<p><strong>March 24 : Trio with Fabien Marcoz &amp; St\u00e9phane Chandelier<br \/>\n<\/strong>Le Pop Up du Label &#8211; Paris &#8211; 20h30<\/p>\n<p><strong>March 26 : Masterclass<br \/>\n<\/strong>CMDL &#8211; Evry-Courcouronnes (91)&nbsp;<\/p>\n<hr>\n<h2>April 2026<\/h2>\n<p><strong>April 9 : Masterclass<br \/>\n<\/strong>CMDL &#8211; Evry-Courcouronnes (91)&nbsp;<\/p>\n<p><strong>April 12 : Conf\u00e9rence Jazz \u00e0 l&#8217;ECUJE &#8221; De Broadway au Jazz&#8221;<br \/>\n<\/strong>ECUJE, Paris &#8211; 18h30&nbsp;<\/p>\n<p><strong>April 17 : With Roni Ben-Hur 4tet<br \/>\n<\/strong>Mus\u00e9e du vin, Paris &#8211; 20h30&nbsp;<\/p>\n<hr>\n<h2>May 2026<\/h2>\n<p><strong>May 7 : Masterclass<br \/>\n<\/strong>CMDL &#8211; Evry-Courcouronnes (91)&nbsp;<\/p>\n<p><strong>May 10 : Conf\u00e9rence Jazz \u00e0 l&#8217;ECUJE &#8220;Burt Bacharach&#8221;<br \/>\n<\/strong>ECUJE, Paris &#8211; 18h30&nbsp;<\/p>\n<hr>\n<h2>June 2026<\/h2>\n<p><strong>June 25 : Avec Stephy Haik &amp; Bruce Johnson<br \/>\n<\/strong>ECUJE, Paris &#8211; 20h30&nbsp;<\/p>\n<hr>\n<h2>July 2026<\/h2>\n<p><strong>July 29: With Alex Terrier Group Feat. Anne Sila<br \/>\n<\/strong>Sunside, Paris &#8211; 20h30&nbsp;<\/p>\n<p><strong>July 30: With Alex Terrier Group Feat. Anne Sila<br \/>\n<\/strong>Sunside, Paris &#8211; 20h30&nbsp;<\/p>\n<hr>\n<h2>Ao\u00fbt 2026<\/h2>\n<p><strong>August 1: With Alex Terrier Group Feat. Anne Sila<br \/>\n<\/strong>Jazz Dans Les Vignes, Cairanne (84) &#8211; 20h30&nbsp;<\/p>\n<p><strong>August 21: With Sylvain Beuf 5tet Feat Nicolas Folmer<br \/>\n<\/strong>Sunside, Paris &#8211; 20h30&nbsp;<\/p>\n<p><strong>August 22: With Sylvain Beuf 5tet Feat Nicolas Folmer<br \/>\n<\/strong>Festival Snap Jazz, Pont l&#8217;Abb\u00e9 (29) &#8211; 20h30&nbsp;<\/p>\n<hr>\n<p>&nbsp;<\/p>\n<p>&nbsp;<\/p>\n<p>&nbsp;<\/p>\n<p><strong>&nbsp;<\/strong><\/p>\n<p>&nbsp;<\/p>\n<p>&nbsp;<\/p>\n<p>&nbsp;<\/p>\n<p>&nbsp;<\/p>\n<p>&nbsp;<\/p>\n<hr>\n<p>&nbsp;<\/p>\n<p>&nbsp;<\/p>\n<p>&nbsp;<\/p>\n<p>&nbsp;<\/p>\n<p>&nbsp;<\/p>\n<p>&nbsp;<\/p>\n<p>&nbsp;<\/p>\n<p>&nbsp;<\/p>\n<p>&nbsp;<\/p>\n<p>&nbsp;<\/p>\n<p>&nbsp;<\/p>\n<p>&nbsp;<\/p>\n<p>&nbsp;<\/p>\n<p>&nbsp;<\/p>\n<p>&nbsp;<\/p>\n<p>&nbsp;<\/p>\n<p>&nbsp;<\/p>\n<p>&nbsp;<\/p>\n<p>&nbsp;<\/p>\n<p>&nbsp;<\/p>\n<p>&nbsp;<\/p>\n<p>&nbsp;<\/p>\n<p>&nbsp;<\/p>\n<p>&nbsp;<\/p>\n<p>&nbsp;<\/p>\n<p>&nbsp;<\/p>\n<p>&nbsp;<\/p>\n<p>&nbsp;<\/p>\n<p>&nbsp;<\/p>\n<p>&nbsp;<\/p>\n<p>&nbsp;<\/p>\n<p>&nbsp;<\/p>\n<p>&nbsp;<\/p>\n<p>&nbsp;<\/p>\n<h4>&nbsp;<\/h4>\n<p>&nbsp;<\/p>\n<p>&nbsp;<\/p>\n<p>&nbsp;<\/p>\n<p>&nbsp;<\/p>\n<p>&nbsp;<\/p>\n<p>&nbsp;<\/p>\n<p>&nbsp;<\/p>\n<p>&nbsp;<\/p>\n<p><strong>&nbsp;<\/strong><\/p>\n<p>&nbsp;<\/p>\n<p>&nbsp;<\/p>\n<p>&nbsp;<\/p>\n<p>&nbsp;<\/p>\n<p>&nbsp;<\/p>\n<p>&nbsp;<\/p>\n<p><strong>&nbsp;<\/strong><\/p>\n<p>&nbsp;<\/p>\n<p>&nbsp;<\/p>\n<p>&nbsp;<\/p>\n<p>&nbsp;<\/p>\n<p>&nbsp;<\/p>\n<p>&nbsp;<\/p>\n<p>&nbsp;<\/p>\n<p>&nbsp;<\/p>\n<p>&nbsp;<\/p>\n<p>&nbsp;<\/p>\n<p><strong>&nbsp;<\/strong><\/p>\n<p>&nbsp;<\/p>\n<p>&nbsp;<\/p>\n<p>&nbsp;<\/p>\n<p>&nbsp;<\/p>\n<p>&nbsp;<\/p>\n<p>&nbsp;<\/p>\n<p>&nbsp;<\/p>\n<p>&nbsp;<\/p>\n<p>&nbsp;<\/p>\n<p>&nbsp;<\/p>\n<p>&nbsp;<\/p>\n<p>&nbsp;<\/p>\n<p>&nbsp;<\/p>\n<p>&nbsp;<\/p>\n<p>&nbsp;<\/p>\n<h4>&nbsp;<\/h4>\n<p>&nbsp;<\/p>\n<p>&nbsp;<\/p>\n<p>&nbsp;<\/p>\n<p>&nbsp;<\/p>\n<p>&nbsp;<\/p>\n<p>&nbsp;<\/p>\n<p><strong>&nbsp;<\/strong><\/p>\n<p>&nbsp;<\/p>\n<p>&nbsp;<\/p>\n<p>&nbsp;<\/p>\n<p>&nbsp;<\/p>\n<p>&nbsp;<\/p>\n<p>&nbsp;<\/p>\n<p>&nbsp;<\/p>\n<p>&nbsp;<\/p>\n<p>&nbsp;<\/p>\n<p>&nbsp;<\/p>\n<p>&nbsp;<\/p>\n<p>&nbsp;<\/p>\n<p>&nbsp;<\/p>\n<p>&nbsp;<\/p>\n<p>&nbsp;<\/p>\n<p>&nbsp;<\/p>\n<p>&nbsp;<\/p>\n<h4>&nbsp;<\/h4>\n<p>&nbsp;<\/p>\n<p>&nbsp;<\/p>\n<p>&nbsp;<\/p>\n<p>&nbsp;<\/p>\n<p>&nbsp;<\/p>\n<p>&nbsp;<\/p>\n<p>&nbsp;<\/p>\n<p>&nbsp;<\/p>\n<p>&nbsp;<\/p>\n<p>&nbsp;<\/p>\n<p>&nbsp;<\/p>\n<p>&nbsp;<\/p>\n<p>&nbsp;<\/p>\n<p>&nbsp;<\/p>\n<p>&nbsp;<\/p>\n<p>&nbsp;<\/p>\n<h4>&nbsp;<\/h4>\n<p>&nbsp;<\/p>\n<p>&nbsp;<\/p>\n<p>&nbsp;<\/p>\n<p>&nbsp;<\/p>\n<h4>&nbsp;<\/h4>\n<p>&nbsp;<\/p>\n<p>&nbsp;<\/p>\n<p>&nbsp;<\/p>\n<p>&nbsp;<\/p>\n<p>&nbsp;<\/p>\n","protected":false},"excerpt":{"rendered":"<p>&nbsp; September 2025 September 24: Recording Olivier Hutman-Lamine Cissokho (Fr\u00e9meaux et Associ\u00e9s) Studio du Petit Pont &#8211; Maurepas (78) September 25: Recording Olivier Hutman-Lamine Cissokho (Fr\u00e9meaux et Associ\u00e9s) Studio du Petit Pont &#8211; Maurepas (78) October 2025 October 4: Rosemary Phillips &#8211; Th\u00e9\u00e2tre des Champs Elys\u00e9es Special Evening H\u00f4tel Plaza Ath\u00e9n\u00e9e October 7: Jos\u00e9 Fallot [&hellip;]<\/p>\n","protected":false},"author":2,"featured_media":0,"parent":0,"menu_order":0,"comment_status":"closed","ping_status":"closed","template":"","meta":{"_genesis_hide_title":false,"_genesis_hide_breadcrumbs":false,"_genesis_hide_singular_image":false,"_genesis_hide_footer_widgets":false,"_genesis_custom_body_class":"concerts","_genesis_custom_post_class":"","_genesis_layout":"content-sidebar","ngg_post_thumbnail":0,"footnotes":""},"class_list":{"0":"post-454","1":"page","2":"type-page","3":"status-publish","5":"entry"},"aioseo_notices":[],"_links":{"self":[{"href":"https:\/\/olivierhutman.com\/en\/wp-json\/wp\/v2\/pages\/454","targetHints":{"allow":["GET"]}}],"collection":[{"href":"https:\/\/olivierhutman.com\/en\/wp-json\/wp\/v2\/pages"}],"about":[{"href":"https:\/\/olivierhutman.com\/en\/wp-json\/wp\/v2\/types\/page"}],"author":[{"embeddable":true,"href":"https:\/\/olivierhutman.com\/en\/wp-json\/wp\/v2\/users\/2"}],"replies":[{"embeddable":true,"href":"https:\/\/olivierhutman.com\/en\/wp-json\/wp\/v2\/comments?post=454"}],"version-history":[{"count":86,"href":"https:\/\/olivierhutman.com\/en\/wp-json\/wp\/v2\/pages\/454\/revisions"}],"predecessor-version":[{"id":1261,"href":"https:\/\/olivierhutman.com\/en\/wp-json\/wp\/v2\/pages\/454\/revisions\/1261"}],"wp:attachment":[{"href":"https:\/\/olivierhutman.com\/en\/wp-json\/wp\/v2\/media?parent=454"}],"curies":[{"name":"wp","href":"https:\/\/api.w.org\/{rel}","templated":true}]}}